{"id":2,"date":"2019-06-29T15:41:24","date_gmt":"2019-06-29T13:41:24","guid":{"rendered":"http:\/\/xn--trouvermalibertintrieur-pccd.com\/?page_id=2"},"modified":"2019-07-05T09:39:01","modified_gmt":"2019-07-05T07:39:01","slug":"page-d-exemple","status":"publish","type":"page","link":"https:\/\/xn--trouvermalibertintrieur-pccd.com\/index.php\/page-d-exemple\/","title":{"rendered":"QUI SUIS-JE"},"content":{"rendered":"\t\t<div data-elementor-type=\"wp-post\" data-elementor-id=\"2\" class=\"elementor elementor-2\">\n\t\t\t\t\t\t<section class=\"elementor-section elementor-top-section elementor-element elementor-element-7f665be5 elementor-section-height-min-height elementor-section-content-middle elementor-section-boxed elementor-section-height-default elementor-section-items-middle\" data-id=\"7f665be5\" data-element_type=\"section\" data-e-type=\"section\">\n\t\t\t\t\t\t<div class=\"elementor-container elementor-column-gap-default\">\n\t\t\t\t\t<div class=\"elementor-column elementor-col-100 elementor-top-column elementor-element elementor-element-15085750\" data-id=\"15085750\" data-element_type=\"column\" data-e-type=\"column\">\n\t\t\t<div class=\"elementor-widget-wrap elementor-element-populated\">\n\t\t\t\t\t\t<div class=\"elementor-element elementor-element-1b5fc105 elementor-widget elementor-widget-text-editor\" data-id=\"1b5fc105\" data-element_type=\"widget\" data-e-type=\"widget\" data-widget_type=\"text-editor.default\">\n\t\t\t\t<div class=\"elementor-widget-container\">\n\t\t\t\t\t\t\t\t\t<p><strong>\u00a0<\/strong><\/p><p><strong>Jean-Claude Deschaux-Beaume. \u00a0Th\u00e9rapeute Biofeedback &#8211; Th\u00e9rapie Quantique &#8211;<br \/><\/strong><\/p><p><strong>T\u00e9l.:\u00a0 04 91 91 48\u00a0 94<\/strong><\/p><p><strong>Port.: 06 08 80 48 25<\/strong><\/p><p><strong>66, rue Caisserie<\/strong><\/p><p><strong>Marseille 13002<\/strong><\/p><p>\u00a0<\/p><p><strong>Code Ethique<\/strong><\/p><p>Jean-Claude Deschaux-Beaume n\u2019est ni m\u00e9decin, ni psychoth\u00e9rapeute et ne peut \u00e0 ce titre fournir un diagnostic, recommander ou donner un traitement, ni soigner des troubles physiques et\/ou psychologiques. Il est un professionnel de biofeedback quantique et apporte aux b\u00e9n\u00e9ficiaires des s\u00e9ances un service dans la gestion du stress. Les s\u00e9ances visent essentiellement \u00e0 \u00e9liminer des d\u00e9s\u00e9quilibres li\u00e9s au stress. Aucun document \u00e9crit n\u2019est remis au b\u00e9n\u00e9ficiaire de la s\u00e9ance et aucun enregistrement de l\u2019entretien n\u2019est autoris\u00e9.<\/p><p>Jean-Claude Deschaux-Beaume se r\u00e9serve le droit de refuser de donner une s\u00e9ance.<\/p><p><img fetchpriority=\"high\" decoding=\"async\" class=\"alignnone size-medium wp-image-43\" src=\"https:\/\/xn--trouvermalibertintrieur-pccd.com\/wp-content\/uploads\/2019\/06\/Ma-photo-300x300.jpg\" alt=\"\" width=\"300\" height=\"300\" srcset=\"https:\/\/xn--trouvermalibertintrieur-pccd.com\/wp-content\/uploads\/2019\/06\/Ma-photo-300x300.jpg 300w, https:\/\/xn--trouvermalibertintrieur-pccd.com\/wp-content\/uploads\/2019\/06\/Ma-photo-150x150.jpg 150w, https:\/\/xn--trouvermalibertintrieur-pccd.com\/wp-content\/uploads\/2019\/06\/Ma-photo.jpg 370w\" sizes=\"(max-width: 300px) 100vw, 300px\" \/><\/p><p><strong>trouvermalibert\u00e9int\u00e9rieur.com<\/strong><\/p><p>\u00a0<\/p>\t\t\t\t\t\t\t\t<\/div>\n\t\t\t\t<\/div>\n\t\t\t\t\t<\/div>\n\t\t<\/div>\n\t\t\t\t\t<\/div>\n\t\t<\/section>\n\t\t\t\t<section class=\"elementor-section elementor-top-section elementor-element elementor-element-4abd210 elementor-section-boxed elementor-section-height-default elementor-section-height-default\" data-id=\"4abd210\" data-element_type=\"section\" data-e-type=\"section\">\n\t\t\t\t\t\t<div class=\"elementor-container elementor-column-gap-default\">\n\t\t\t\t\t<div class=\"elementor-column elementor-col-100 elementor-top-column elementor-element elementor-element-6cb3a80\" data-id=\"6cb3a80\" data-element_type=\"column\" data-e-type=\"column\">\n\t\t\t<div class=\"elementor-widget-wrap elementor-element-populated\">\n\t\t\t\t\t\t<div class=\"elementor-element elementor-element-a2b1208 elementor-widget elementor-widget-image\" data-id=\"a2b1208\" data-element_type=\"widget\" data-e-type=\"widget\" data-widget_type=\"image.default\">\n\t\t\t\t<div class=\"elementor-widget-container\">\n\t\t\t\t\t\t\t\t\t\t\t\t\t\t\t<img decoding=\"async\" width=\"389\" height=\"232\" src=\"https:\/\/xn--trouvermalibertintrieur-pccd.com\/wp-content\/uploads\/2019\/06\/ScreenHunter-375-2.png\" class=\"attachment-large size-large wp-image-31\" alt=\"\" srcset=\"https:\/\/xn--trouvermalibertintrieur-pccd.com\/wp-content\/uploads\/2019\/06\/ScreenHunter-375-2.png 389w, https:\/\/xn--trouvermalibertintrieur-pccd.com\/wp-content\/uploads\/2019\/06\/ScreenHunter-375-2-300x179.png 300w\" sizes=\"(max-width: 389px) 100vw, 389px\" \/>\t\t\t\t\t\t\t\t\t\t\t\t\t\t\t<\/div>\n\t\t\t\t<\/div>\n\t\t\t\t\t<\/div>\n\t\t<\/div>\n\t\t\t\t\t<\/div>\n\t\t<\/section>\n\t\t\t\t<section class=\"elementor-section elementor-top-section elementor-element elementor-element-a1627db elementor-section-boxed elementor-section-height-default elementor-section-height-default\" data-id=\"a1627db\" data-element_type=\"section\" data-e-type=\"section\">\n\t\t\t\t\t\t<div class=\"elementor-container elementor-column-gap-default\">\n\t\t\t\t\t<div class=\"elementor-column elementor-col-100 elementor-top-column elementor-element elementor-element-debcc0b\" data-id=\"debcc0b\" data-element_type=\"column\" data-e-type=\"column\">\n\t\t\t<div class=\"elementor-widget-wrap elementor-element-populated\">\n\t\t\t\t\t\t<div class=\"elementor-element elementor-element-2640f9b elementor-widget elementor-widget-google_maps\" data-id=\"2640f9b\" data-element_type=\"widget\" data-e-type=\"widget\" data-widget_type=\"google_maps.default\">\n\t\t\t\t<div class=\"elementor-widget-container\">\n\t\t\t\t\t\t\t<div class=\"elementor-custom-embed\">\n\t\t\t<iframe loading=\"lazy\"\n\t\t\t\t\tsrc=\"https:\/\/maps.google.com\/maps?q=66%20rue%20Caisserie%20MARSEILLE%20FRANCE&#038;t=m&#038;z=16&#038;output=embed&#038;iwloc=near\"\n\t\t\t\t\ttitle=\"66 rue Caisserie MARSEILLE FRANCE\"\n\t\t\t\t\taria-label=\"66 rue Caisserie MARSEILLE FRANCE\"\n\t\t\t><\/iframe>\n\t\t<\/div>\n\t\t\t\t\t\t<\/div>\n\t\t\t\t<\/div>\n\t\t\t\t\t<\/div>\n\t\t<\/div>\n\t\t\t\t\t<\/div>\n\t\t<\/section>\n\t\t\t\t<\/div>\n\t\t","protected":false},"excerpt":{"rendered":"<p>\u00a0 Jean-Claude Deschaux-Beaume. \u00a0Th\u00e9rapeute Biofeedback &#8211; Th\u00e9rapie Quantique &#8211; T\u00e9l.:\u00a0 04 91 91 48\u00a0 94 Port.: 06 08 80 48 25 66, rue Caisserie Marseille 13002 \u00a0 Code Ethique Jean-Claude Deschaux-Beaume n\u2019est ni m\u00e9decin, ni psychoth\u00e9rapeute et ne peut \u00e0 ce titre fournir un diagnostic, recommander ou donner un traitement, ni soigner des troubles physiques [&hellip;]<\/p>\n","protected":false},"author":1,"featured_media":0,"parent":0,"menu_order":0,"comment_status":"closed","ping_status":"open","template":"","meta":{"footnotes":""},"class_list":["post-2","page","type-page","status-publish","hentry"],"yoast_head":"<!-- This site is optimized with the Yoast SEO plugin v27.3 - https:\/\/yoast.com\/product\/yoast-seo-wordpress\/ -->\n<title>QUI SUIS-JE - Th\u00e9rapie Quantique<\/title>\n<meta name=\"robots\" content=\"index, follow, max-snippet:-1, max-image-preview:large, max-video-preview:-1\" \/>\n<link rel=\"canonical\" href=\"https:\/\/xn--trouvermalibertintrieur-pccd.com\/index.php\/page-d-exemple\/\" \/>\n<meta property=\"og:locale\" content=\"fr_FR\" \/>\n<meta property=\"og:type\" content=\"article\" \/>\n<meta property=\"og:title\" content=\"QUI SUIS-JE - Th\u00e9rapie Quantique\" \/>\n<meta property=\"og:description\" content=\"\u00a0 Jean-Claude Deschaux-Beaume. \u00a0Th\u00e9rapeute Biofeedback &#8211; Th\u00e9rapie Quantique &#8211; T\u00e9l.:\u00a0 04 91 91 48\u00a0 94 Port.: 06 08 80 48 25 66, rue Caisserie Marseille 13002 \u00a0 Code Ethique Jean-Claude Deschaux-Beaume n\u2019est ni m\u00e9decin, ni psychoth\u00e9rapeute et ne peut \u00e0 ce titre fournir un diagnostic, recommander ou donner un traitement, ni soigner des troubles physiques [&hellip;]\" \/>\n<meta property=\"og:url\" content=\"https:\/\/xn--trouvermalibertintrieur-pccd.com\/index.php\/page-d-exemple\/\" \/>\n<meta property=\"og:site_name\" content=\"Th\u00e9rapie Quantique\" \/>\n<meta property=\"article:modified_time\" content=\"2019-07-05T07:39:01+00:00\" \/>\n<meta property=\"og:image\" content=\"http:\/\/xn--trouvermalibertintrieur-pccd.com\/wp-content\/uploads\/2019\/06\/Ma-photo-300x300.jpg\" \/>\n<meta name=\"twitter:card\" content=\"summary_large_image\" \/>\n<meta name=\"twitter:label1\" content=\"Dur\u00e9e de lecture estim\u00e9e\" \/>\n\t<meta name=\"twitter:data1\" content=\"1 minute\" \/>\n<script type=\"application\/ld+json\" class=\"yoast-schema-graph\">{\"@context\":\"https:\\\/\\\/schema.org\",\"@graph\":[{\"@type\":\"WebPage\",\"@id\":\"https:\\\/\\\/xn--trouvermalibertintrieur-pccd.com\\\/index.php\\\/page-d-exemple\\\/\",\"url\":\"https:\\\/\\\/xn--trouvermalibertintrieur-pccd.com\\\/index.php\\\/page-d-exemple\\\/\",\"name\":\"QUI SUIS-JE - Th\u00e9rapie Quantique\",\"isPartOf\":{\"@id\":\"https:\\\/\\\/xn--trouvermalibertintrieur-pccd.com\\\/#website\"},\"primaryImageOfPage\":{\"@id\":\"https:\\\/\\\/xn--trouvermalibertintrieur-pccd.com\\\/index.php\\\/page-d-exemple\\\/#primaryimage\"},\"image\":{\"@id\":\"https:\\\/\\\/xn--trouvermalibertintrieur-pccd.com\\\/index.php\\\/page-d-exemple\\\/#primaryimage\"},\"thumbnailUrl\":\"http:\\\/\\\/xn--trouvermalibertintrieur-pccd.com\\\/wp-content\\\/uploads\\\/2019\\\/06\\\/Ma-photo-300x300.jpg\",\"datePublished\":\"2019-06-29T13:41:24+00:00\",\"dateModified\":\"2019-07-05T07:39:01+00:00\",\"breadcrumb\":{\"@id\":\"https:\\\/\\\/xn--trouvermalibertintrieur-pccd.com\\\/index.php\\\/page-d-exemple\\\/#breadcrumb\"},\"inLanguage\":\"fr-FR\",\"potentialAction\":[{\"@type\":\"ReadAction\",\"target\":[\"https:\\\/\\\/xn--trouvermalibertintrieur-pccd.com\\\/index.php\\\/page-d-exemple\\\/\"]}]},{\"@type\":\"ImageObject\",\"inLanguage\":\"fr-FR\",\"@id\":\"https:\\\/\\\/xn--trouvermalibertintrieur-pccd.com\\\/index.php\\\/page-d-exemple\\\/#primaryimage\",\"url\":\"http:\\\/\\\/xn--trouvermalibertintrieur-pccd.com\\\/wp-content\\\/uploads\\\/2019\\\/06\\\/Ma-photo-300x300.jpg\",\"contentUrl\":\"http:\\\/\\\/xn--trouvermalibertintrieur-pccd.com\\\/wp-content\\\/uploads\\\/2019\\\/06\\\/Ma-photo-300x300.jpg\"},{\"@type\":\"BreadcrumbList\",\"@id\":\"https:\\\/\\\/xn--trouvermalibertintrieur-pccd.com\\\/index.php\\\/page-d-exemple\\\/#breadcrumb\",\"itemListElement\":[{\"@type\":\"ListItem\",\"position\":1,\"name\":\"Accueil\",\"item\":\"https:\\\/\\\/xn--trouvermalibertintrieur-pccd.com\\\/\"},{\"@type\":\"ListItem\",\"position\":2,\"name\":\"QUI SUIS-JE\"}]},{\"@type\":\"WebSite\",\"@id\":\"https:\\\/\\\/xn--trouvermalibertintrieur-pccd.com\\\/#website\",\"url\":\"https:\\\/\\\/xn--trouvermalibertintrieur-pccd.com\\\/\",\"name\":\"Th\u00e9rapie Quantique\",\"description\":\"EDUCTOR \u00e0 Marseille-Th\u00e9rapie quantique-Scio-Eductor\",\"publisher\":{\"@id\":\"https:\\\/\\\/xn--trouvermalibertintrieur-pccd.com\\\/#organization\"},\"potentialAction\":[{\"@type\":\"SearchAction\",\"target\":{\"@type\":\"EntryPoint\",\"urlTemplate\":\"https:\\\/\\\/xn--trouvermalibertintrieur-pccd.com\\\/?s={search_term_string}\"},\"query-input\":{\"@type\":\"PropertyValueSpecification\",\"valueRequired\":true,\"valueName\":\"search_term_string\"}}],\"inLanguage\":\"fr-FR\"},{\"@type\":\"Organization\",\"@id\":\"https:\\\/\\\/xn--trouvermalibertintrieur-pccd.com\\\/#organization\",\"name\":\"Th\u00e9rapie Quantique Marseille\",\"url\":\"https:\\\/\\\/xn--trouvermalibertintrieur-pccd.com\\\/\",\"logo\":{\"@type\":\"ImageObject\",\"inLanguage\":\"fr-FR\",\"@id\":\"https:\\\/\\\/xn--trouvermalibertintrieur-pccd.com\\\/#\\\/schema\\\/logo\\\/image\\\/\",\"url\":\"http:\\\/\\\/xn--trouvermalibertintrieur-pccd.com\\\/wp-content\\\/uploads\\\/2019\\\/06\\\/ScreenHunter-375-2.png\",\"contentUrl\":\"http:\\\/\\\/xn--trouvermalibertintrieur-pccd.com\\\/wp-content\\\/uploads\\\/2019\\\/06\\\/ScreenHunter-375-2.png\",\"width\":389,\"height\":232,\"caption\":\"Th\u00e9rapie Quantique Marseille\"},\"image\":{\"@id\":\"https:\\\/\\\/xn--trouvermalibertintrieur-pccd.com\\\/#\\\/schema\\\/logo\\\/image\\\/\"}}]}<\/script>\n<!-- \/ Yoast SEO plugin. -->","yoast_head_json":{"title":"QUI SUIS-JE - Th\u00e9rapie Quantique","robots":{"index":"index","follow":"follow","max-snippet":"max-snippet:-1","max-image-preview":"max-image-preview:large","max-video-preview":"max-video-preview:-1"},"canonical":"https:\/\/xn--trouvermalibertintrieur-pccd.com\/index.php\/page-d-exemple\/","og_locale":"fr_FR","og_type":"article","og_title":"QUI SUIS-JE - Th\u00e9rapie Quantique","og_description":"\u00a0 Jean-Claude Deschaux-Beaume. \u00a0Th\u00e9rapeute Biofeedback &#8211; Th\u00e9rapie Quantique &#8211; T\u00e9l.:\u00a0 04 91 91 48\u00a0 94 Port.: 06 08 80 48 25 66, rue Caisserie Marseille 13002 \u00a0 Code Ethique Jean-Claude Deschaux-Beaume n\u2019est ni m\u00e9decin, ni psychoth\u00e9rapeute et ne peut \u00e0 ce titre fournir un diagnostic, recommander ou donner un traitement, ni soigner des troubles physiques [&hellip;]","og_url":"https:\/\/xn--trouvermalibertintrieur-pccd.com\/index.php\/page-d-exemple\/","og_site_name":"Th\u00e9rapie Quantique","article_modified_time":"2019-07-05T07:39:01+00:00","og_image":[{"url":"http:\/\/xn--trouvermalibertintrieur-pccd.com\/wp-content\/uploads\/2019\/06\/Ma-photo-300x300.jpg","type":"","width":"","height":""}],"twitter_card":"summary_large_image","twitter_misc":{"Dur\u00e9e de lecture estim\u00e9e":"1 minute"},"schema":{"@context":"https:\/\/schema.org","@graph":[{"@type":"WebPage","@id":"https:\/\/xn--trouvermalibertintrieur-pccd.com\/index.php\/page-d-exemple\/","url":"https:\/\/xn--trouvermalibertintrieur-pccd.com\/index.php\/page-d-exemple\/","name":"QUI SUIS-JE - Th\u00e9rapie Quantique","isPartOf":{"@id":"https:\/\/xn--trouvermalibertintrieur-pccd.com\/#website"},"primaryImageOfPage":{"@id":"https:\/\/xn--trouvermalibertintrieur-pccd.com\/index.php\/page-d-exemple\/#primaryimage"},"image":{"@id":"https:\/\/xn--trouvermalibertintrieur-pccd.com\/index.php\/page-d-exemple\/#primaryimage"},"thumbnailUrl":"http:\/\/xn--trouvermalibertintrieur-pccd.com\/wp-content\/uploads\/2019\/06\/Ma-photo-300x300.jpg","datePublished":"2019-06-29T13:41:24+00:00","dateModified":"2019-07-05T07:39:01+00:00","breadcrumb":{"@id":"https:\/\/xn--trouvermalibertintrieur-pccd.com\/index.php\/page-d-exemple\/#breadcrumb"},"inLanguage":"fr-FR","potentialAction":[{"@type":"ReadAction","target":["https:\/\/xn--trouvermalibertintrieur-pccd.com\/index.php\/page-d-exemple\/"]}]},{"@type":"ImageObject","inLanguage":"fr-FR","@id":"https:\/\/xn--trouvermalibertintrieur-pccd.com\/index.php\/page-d-exemple\/#primaryimage","url":"http:\/\/xn--trouvermalibertintrieur-pccd.com\/wp-content\/uploads\/2019\/06\/Ma-photo-300x300.jpg","contentUrl":"http:\/\/xn--trouvermalibertintrieur-pccd.com\/wp-content\/uploads\/2019\/06\/Ma-photo-300x300.jpg"},{"@type":"BreadcrumbList","@id":"https:\/\/xn--trouvermalibertintrieur-pccd.com\/index.php\/page-d-exemple\/#breadcrumb","itemListElement":[{"@type":"ListItem","position":1,"name":"Accueil","item":"https:\/\/xn--trouvermalibertintrieur-pccd.com\/"},{"@type":"ListItem","position":2,"name":"QUI SUIS-JE"}]},{"@type":"WebSite","@id":"https:\/\/xn--trouvermalibertintrieur-pccd.com\/#website","url":"https:\/\/xn--trouvermalibertintrieur-pccd.com\/","name":"Th\u00e9rapie Quantique","description":"EDUCTOR \u00e0 Marseille-Th\u00e9rapie quantique-Scio-Eductor","publisher":{"@id":"https:\/\/xn--trouvermalibertintrieur-pccd.com\/#organization"},"potentialAction":[{"@type":"SearchAction","target":{"@type":"EntryPoint","urlTemplate":"https:\/\/xn--trouvermalibertintrieur-pccd.com\/?s={search_term_string}"},"query-input":{"@type":"PropertyValueSpecification","valueRequired":true,"valueName":"search_term_string"}}],"inLanguage":"fr-FR"},{"@type":"Organization","@id":"https:\/\/xn--trouvermalibertintrieur-pccd.com\/#organization","name":"Th\u00e9rapie Quantique Marseille","url":"https:\/\/xn--trouvermalibertintrieur-pccd.com\/","logo":{"@type":"ImageObject","inLanguage":"fr-FR","@id":"https:\/\/xn--trouvermalibertintrieur-pccd.com\/#\/schema\/logo\/image\/","url":"http:\/\/xn--trouvermalibertintrieur-pccd.com\/wp-content\/uploads\/2019\/06\/ScreenHunter-375-2.png","contentUrl":"http:\/\/xn--trouvermalibertintrieur-pccd.com\/wp-content\/uploads\/2019\/06\/ScreenHunter-375-2.png","width":389,"height":232,"caption":"Th\u00e9rapie Quantique Marseille"},"image":{"@id":"https:\/\/xn--trouvermalibertintrieur-pccd.com\/#\/schema\/logo\/image\/"}}]}},"_links":{"self":[{"href":"https:\/\/xn--trouvermalibertintrieur-pccd.com\/index.php\/wp-json\/wp\/v2\/pages\/2","targetHints":{"allow":["GET"]}}],"collection":[{"href":"https:\/\/xn--trouvermalibertintrieur-pccd.com\/index.php\/wp-json\/wp\/v2\/pages"}],"about":[{"href":"https:\/\/xn--trouvermalibertintrieur-pccd.com\/index.php\/wp-json\/wp\/v2\/types\/page"}],"author":[{"embeddable":true,"href":"https:\/\/xn--trouvermalibertintrieur-pccd.com\/index.php\/wp-json\/wp\/v2\/users\/1"}],"replies":[{"embeddable":true,"href":"https:\/\/xn--trouvermalibertintrieur-pccd.com\/index.php\/wp-json\/wp\/v2\/comments?post=2"}],"version-history":[{"count":12,"href":"https:\/\/xn--trouvermalibertintrieur-pccd.com\/index.php\/wp-json\/wp\/v2\/pages\/2\/revisions"}],"predecessor-version":[{"id":105,"href":"https:\/\/xn--trouvermalibertintrieur-pccd.com\/index.php\/wp-json\/wp\/v2\/pages\/2\/revisions\/105"}],"wp:attachment":[{"href":"https:\/\/xn--trouvermalibertintrieur-pccd.com\/index.php\/wp-json\/wp\/v2\/media?parent=2"}],"curies":[{"name":"wp","href":"https:\/\/api.w.org\/{rel}","templated":true}]}}